{"id":695,"date":"2024-01-26T14:39:29","date_gmt":"2024-01-26T13:39:29","guid":{"rendered":"https:\/\/dev.acrv.fr\/wenes\/?page_id=695"},"modified":"2025-01-14T16:51:30","modified_gmt":"2025-01-14T15:51:30","slug":"brief-us","status":"publish","type":"page","link":"https:\/\/wenes-stand.com\/en\/briefez-nous\/","title":{"rendered":"Brief us"},"content":{"rendered":"","protected":false},"excerpt":{"rendered":"","protected":false},"author":4,"featured_media":0,"parent":0,"menu_order":0,"comment_status":"closed","ping_status":"closed","template":"page-template-contact.php","meta":{"_acf_changed":false,"inline_featured_image":false,"footnotes":""},"class_list":["post-695","page","type-page","status-publish","hentry"],"acf":[],"yoast_head":"<!-- This site is optimized with the Yoast SEO plugin v27.3 - https:\/\/yoast.com\/product\/yoast-seo-wordpress\/ -->\n<title>Contactez votre standiste sur-mesure - WENES Stand<\/title>\n<meta name=\"description\" content=\"Un projet de stand sur-mesure pour un salon ? Besoin de l\u2019aide d\u2019un standiste expert pour sa conception et sa r\u00e9alisation ? Briefez-nous ici.\" \/>\n<meta name=\"robots\" content=\"index, follow, max-snippet:-1, max-image-preview:large, max-video-preview:-1\" \/>\n<link rel=\"canonical\" href=\"https:\/\/wenes-stand.com\/en\/brief-us\/\" \/>\n<meta property=\"og:locale\" content=\"en_US\" \/>\n<meta property=\"og:type\" content=\"article\" \/>\n<meta property=\"og:title\" content=\"Contactez votre standiste sur-mesure - WENES Stand\" \/>\n<meta property=\"og:description\" content=\"Un projet de stand sur-mesure pour un salon ? Besoin de l\u2019aide d\u2019un standiste expert pour sa conception et sa r\u00e9alisation ? Briefez-nous ici.\" \/>\n<meta property=\"og:url\" content=\"https:\/\/wenes-stand.com\/en\/brief-us\/\" \/>\n<meta property=\"og:site_name\" content=\"WENES Stand\" \/>\n<meta property=\"article:modified_time\" content=\"2025-01-14T15:51:30+00:00\" \/>\n<meta name=\"twitter:card\" content=\"summary_large_image\" \/>\n<script type=\"application\/ld+json\" class=\"yoast-schema-graph\">{\"@context\":\"https:\\\/\\\/schema.org\",\"@graph\":[{\"@type\":\"WebPage\",\"@id\":\"https:\\\/\\\/wenes-stand.com\\\/briefez-nous\\\/\",\"url\":\"https:\\\/\\\/wenes-stand.com\\\/briefez-nous\\\/\",\"name\":\"Contactez votre standiste sur-mesure - WENES Stand\",\"isPartOf\":{\"@id\":\"https:\\\/\\\/wenes-stand.com\\\/#website\"},\"datePublished\":\"2024-01-26T13:39:29+00:00\",\"dateModified\":\"2025-01-14T15:51:30+00:00\",\"description\":\"Un projet de stand sur-mesure pour un salon ? Besoin de l\u2019aide d\u2019un standiste expert pour sa conception et sa r\u00e9alisation ? Briefez-nous ici.\",\"breadcrumb\":{\"@id\":\"https:\\\/\\\/wenes-stand.com\\\/briefez-nous\\\/#breadcrumb\"},\"inLanguage\":\"en-US\",\"potentialAction\":[{\"@type\":\"ReadAction\",\"target\":[\"https:\\\/\\\/wenes-stand.com\\\/briefez-nous\\\/\"]}]},{\"@type\":\"BreadcrumbList\",\"@id\":\"https:\\\/\\\/wenes-stand.com\\\/briefez-nous\\\/#breadcrumb\",\"itemListElement\":[{\"@type\":\"ListItem\",\"position\":1,\"name\":\"Accueil\",\"item\":\"https:\\\/\\\/wenes-stand.com\\\/\"},{\"@type\":\"ListItem\",\"position\":2,\"name\":\"Briefez-nous\"}]},{\"@type\":\"WebSite\",\"@id\":\"https:\\\/\\\/wenes-stand.com\\\/#website\",\"url\":\"https:\\\/\\\/wenes-stand.com\\\/\",\"name\":\"WenesStand\",\"description\":\"Notre exp\u00e9rience nous conduit \u00e0 croire que tout succ\u00e8s r\u00e9side dans la qualit\u00e9 des rapports humains.\",\"potentialAction\":[{\"@type\":\"SearchAction\",\"target\":{\"@type\":\"EntryPoint\",\"urlTemplate\":\"https:\\\/\\\/wenes-stand.com\\\/?s={search_term_string}\"},\"query-input\":{\"@type\":\"PropertyValueSpecification\",\"valueRequired\":true,\"valueName\":\"search_term_string\"}}],\"inLanguage\":\"en-US\"}]}<\/script>\n<!-- \/ Yoast SEO plugin. -->","yoast_head_json":{"title":"Contact your custom stand builder - WENES Stand","description":"Do you have a customized stand project for a trade show? Need the help of an expert stand builder for its design and realization? Brief us here.","robots":{"index":"index","follow":"follow","max-snippet":"max-snippet:-1","max-image-preview":"max-image-preview:large","max-video-preview":"max-video-preview:-1"},"canonical":"https:\/\/wenes-stand.com\/en\/brief-us\/","og_locale":"en_US","og_type":"article","og_title":"Contactez votre standiste sur-mesure - WENES Stand","og_description":"Un projet de stand sur-mesure pour un salon ? Besoin de l\u2019aide d\u2019un standiste expert pour sa conception et sa r\u00e9alisation ? Briefez-nous ici.","og_url":"https:\/\/wenes-stand.com\/en\/brief-us\/","og_site_name":"WENES Stand","article_modified_time":"2025-01-14T15:51:30+00:00","twitter_card":"summary_large_image","schema":{"@context":"https:\/\/schema.org","@graph":[{"@type":"WebPage","@id":"https:\/\/wenes-stand.com\/briefez-nous\/","url":"https:\/\/wenes-stand.com\/briefez-nous\/","name":"Contact your custom stand builder - WENES Stand","isPartOf":{"@id":"https:\/\/wenes-stand.com\/#website"},"datePublished":"2024-01-26T13:39:29+00:00","dateModified":"2025-01-14T15:51:30+00:00","description":"Do you have a customized stand project for a trade show? Need the help of an expert stand builder for its design and realization? Brief us here.","breadcrumb":{"@id":"https:\/\/wenes-stand.com\/briefez-nous\/#breadcrumb"},"inLanguage":"en-US","potentialAction":[{"@type":"ReadAction","target":["https:\/\/wenes-stand.com\/briefez-nous\/"]}]},{"@type":"BreadcrumbList","@id":"https:\/\/wenes-stand.com\/briefez-nous\/#breadcrumb","itemListElement":[{"@type":"ListItem","position":1,"name":"Accueil","item":"https:\/\/wenes-stand.com\/"},{"@type":"ListItem","position":2,"name":"Briefez-nous"}]},{"@type":"WebSite","@id":"https:\/\/wenes-stand.com\/#website","url":"https:\/\/wenes-stand.com\/","name":"WenesStand","description":"Our experience leads us to believe that success lies in the quality of human relationships.","potentialAction":[{"@type":"SearchAction","target":{"@type":"EntryPoint","urlTemplate":"https:\/\/wenes-stand.com\/?s={search_term_string}"},"query-input":{"@type":"PropertyValueSpecification","valueRequired":true,"valueName":"search_term_string"}}],"inLanguage":"en-US"}]}},"_links":{"self":[{"href":"https:\/\/wenes-stand.com\/en\/wp-json\/wp\/v2\/pages\/695","targetHints":{"allow":["GET"]}}],"collection":[{"href":"https:\/\/wenes-stand.com\/en\/wp-json\/wp\/v2\/pages"}],"about":[{"href":"https:\/\/wenes-stand.com\/en\/wp-json\/wp\/v2\/types\/page"}],"author":[{"embeddable":true,"href":"https:\/\/wenes-stand.com\/en\/wp-json\/wp\/v2\/users\/4"}],"replies":[{"embeddable":true,"href":"https:\/\/wenes-stand.com\/en\/wp-json\/wp\/v2\/comments?post=695"}],"version-history":[{"count":1,"href":"https:\/\/wenes-stand.com\/en\/wp-json\/wp\/v2\/pages\/695\/revisions"}],"predecessor-version":[{"id":2449,"href":"https:\/\/wenes-stand.com\/en\/wp-json\/wp\/v2\/pages\/695\/revisions\/2449"}],"wp:attachment":[{"href":"https:\/\/wenes-stand.com\/en\/wp-json\/wp\/v2\/media?parent=695"}],"curies":[{"name":"wp","href":"https:\/\/api.w.org\/{rel}","templated":true}]}}