{"id":446,"date":"2024-01-08T10:36:06","date_gmt":"2024-01-08T09:36:06","guid":{"rendered":"https:\/\/dev.acrv.fr\/wenes\/?page_id=446"},"modified":"2026-03-12T16:06:11","modified_gmt":"2026-03-12T15:06:11","slug":"realization","status":"publish","type":"page","link":"https:\/\/wenes-stand.com\/en\/realisation\/","title":{"rendered":"Portfolio"},"content":{"rendered":"","protected":false},"excerpt":{"rendered":"","protected":false},"author":4,"featured_media":0,"parent":0,"menu_order":0,"comment_status":"closed","ping_status":"closed","template":"page-template-builder.php","meta":{"_acf_changed":false,"inline_featured_image":false,"footnotes":""},"class_list":["post-446","page","type-page","status-publish","hentry"],"acf":[],"yoast_head":"<!-- This site is optimized with the Yoast SEO plugin v27.3 - https:\/\/yoast.com\/product\/yoast-seo-wordpress\/ -->\n<title>Portfolio stands sur-mesure \u2014 R\u00e9alisations WENES Stand<\/title>\n<meta name=\"description\" content=\"Honda, La Poste, Microsoft, CNIEL, Schneider Electric... D\u00e9couvrez les r\u00e9alisations de stands sur-mesure WENES Stand, standiste Top 5 en France.\" \/>\n<meta name=\"robots\" content=\"index, follow, max-snippet:-1, max-image-preview:large, max-video-preview:-1\" \/>\n<link rel=\"canonical\" href=\"https:\/\/wenes-stand.com\/en\/realization\/\" \/>\n<meta property=\"og:locale\" content=\"en_US\" \/>\n<meta property=\"og:type\" content=\"article\" \/>\n<meta property=\"og:title\" content=\"Portfolio stands sur-mesure \u2014 R\u00e9alisations WENES Stand\" \/>\n<meta property=\"og:description\" content=\"Honda, La Poste, Microsoft, CNIEL, Schneider Electric... D\u00e9couvrez les r\u00e9alisations de stands sur-mesure WENES Stand, standiste Top 5 en France.\" \/>\n<meta property=\"og:url\" content=\"https:\/\/wenes-stand.com\/en\/realization\/\" \/>\n<meta property=\"og:site_name\" content=\"WENES Stand\" \/>\n<meta property=\"article:modified_time\" content=\"2026-03-12T15:06:11+00:00\" \/>\n<meta name=\"twitter:card\" content=\"summary_large_image\" \/>\n<script type=\"application\/ld+json\" class=\"yoast-schema-graph\">{\"@context\":\"https:\\\/\\\/schema.org\",\"@graph\":[{\"@type\":\"WebPage\",\"@id\":\"https:\\\/\\\/wenes-stand.com\\\/realisation\\\/\",\"url\":\"https:\\\/\\\/wenes-stand.com\\\/realisation\\\/\",\"name\":\"Portfolio stands sur-mesure \u2014 R\u00e9alisations WENES Stand\",\"isPartOf\":{\"@id\":\"https:\\\/\\\/wenes-stand.com\\\/#website\"},\"datePublished\":\"2024-01-08T09:36:06+00:00\",\"dateModified\":\"2026-03-12T15:06:11+00:00\",\"description\":\"Honda, La Poste, Microsoft, CNIEL, Schneider Electric... D\u00e9couvrez les r\u00e9alisations de stands sur-mesure WENES Stand, standiste Top 5 en France.\",\"breadcrumb\":{\"@id\":\"https:\\\/\\\/wenes-stand.com\\\/realisation\\\/#breadcrumb\"},\"inLanguage\":\"en-US\",\"potentialAction\":[{\"@type\":\"ReadAction\",\"target\":[\"https:\\\/\\\/wenes-stand.com\\\/realisation\\\/\"]}]},{\"@type\":\"BreadcrumbList\",\"@id\":\"https:\\\/\\\/wenes-stand.com\\\/realisation\\\/#breadcrumb\",\"itemListElement\":[{\"@type\":\"ListItem\",\"position\":1,\"name\":\"Accueil\",\"item\":\"https:\\\/\\\/wenes-stand.com\\\/\"},{\"@type\":\"ListItem\",\"position\":2,\"name\":\"R\u00e9alisations\"}]},{\"@type\":\"WebSite\",\"@id\":\"https:\\\/\\\/wenes-stand.com\\\/#website\",\"url\":\"https:\\\/\\\/wenes-stand.com\\\/\",\"name\":\"WenesStand\",\"description\":\"Notre exp\u00e9rience nous conduit \u00e0 croire que tout succ\u00e8s r\u00e9side dans la qualit\u00e9 des rapports humains.\",\"potentialAction\":[{\"@type\":\"SearchAction\",\"target\":{\"@type\":\"EntryPoint\",\"urlTemplate\":\"https:\\\/\\\/wenes-stand.com\\\/?s={search_term_string}\"},\"query-input\":{\"@type\":\"PropertyValueSpecification\",\"valueRequired\":true,\"valueName\":\"search_term_string\"}}],\"inLanguage\":\"en-US\"}]}<\/script>\n<!-- \/ Yoast SEO plugin. -->","yoast_head_json":{"title":"Portfolio custom-made stands - R\u00e9alisations WENES Stand","description":"Honda, La Poste, Microsoft, CNIEL, Schneider Electric... Find out more about WENES Stand, France's Top 5 stand builder.","robots":{"index":"index","follow":"follow","max-snippet":"max-snippet:-1","max-image-preview":"max-image-preview:large","max-video-preview":"max-video-preview:-1"},"canonical":"https:\/\/wenes-stand.com\/en\/realization\/","og_locale":"en_US","og_type":"article","og_title":"Portfolio stands sur-mesure \u2014 R\u00e9alisations WENES Stand","og_description":"Honda, La Poste, Microsoft, CNIEL, Schneider Electric... D\u00e9couvrez les r\u00e9alisations de stands sur-mesure WENES Stand, standiste Top 5 en France.","og_url":"https:\/\/wenes-stand.com\/en\/realization\/","og_site_name":"WENES Stand","article_modified_time":"2026-03-12T15:06:11+00:00","twitter_card":"summary_large_image","schema":{"@context":"https:\/\/schema.org","@graph":[{"@type":"WebPage","@id":"https:\/\/wenes-stand.com\/realisation\/","url":"https:\/\/wenes-stand.com\/realisation\/","name":"Portfolio custom-made stands - R\u00e9alisations WENES Stand","isPartOf":{"@id":"https:\/\/wenes-stand.com\/#website"},"datePublished":"2024-01-08T09:36:06+00:00","dateModified":"2026-03-12T15:06:11+00:00","description":"Honda, La Poste, Microsoft, CNIEL, Schneider Electric... Find out more about WENES Stand, France's Top 5 stand builder.","breadcrumb":{"@id":"https:\/\/wenes-stand.com\/realisation\/#breadcrumb"},"inLanguage":"en-US","potentialAction":[{"@type":"ReadAction","target":["https:\/\/wenes-stand.com\/realisation\/"]}]},{"@type":"BreadcrumbList","@id":"https:\/\/wenes-stand.com\/realisation\/#breadcrumb","itemListElement":[{"@type":"ListItem","position":1,"name":"Accueil","item":"https:\/\/wenes-stand.com\/"},{"@type":"ListItem","position":2,"name":"R\u00e9alisations"}]},{"@type":"WebSite","@id":"https:\/\/wenes-stand.com\/#website","url":"https:\/\/wenes-stand.com\/","name":"WenesStand","description":"Our experience leads us to believe that success lies in the quality of human relationships.","potentialAction":[{"@type":"SearchAction","target":{"@type":"EntryPoint","urlTemplate":"https:\/\/wenes-stand.com\/?s={search_term_string}"},"query-input":{"@type":"PropertyValueSpecification","valueRequired":true,"valueName":"search_term_string"}}],"inLanguage":"en-US"}]}},"_links":{"self":[{"href":"https:\/\/wenes-stand.com\/en\/wp-json\/wp\/v2\/pages\/446","targetHints":{"allow":["GET"]}}],"collection":[{"href":"https:\/\/wenes-stand.com\/en\/wp-json\/wp\/v2\/pages"}],"about":[{"href":"https:\/\/wenes-stand.com\/en\/wp-json\/wp\/v2\/types\/page"}],"author":[{"embeddable":true,"href":"https:\/\/wenes-stand.com\/en\/wp-json\/wp\/v2\/users\/4"}],"replies":[{"embeddable":true,"href":"https:\/\/wenes-stand.com\/en\/wp-json\/wp\/v2\/comments?post=446"}],"version-history":[{"count":3,"href":"https:\/\/wenes-stand.com\/en\/wp-json\/wp\/v2\/pages\/446\/revisions"}],"predecessor-version":[{"id":7655,"href":"https:\/\/wenes-stand.com\/en\/wp-json\/wp\/v2\/pages\/446\/revisions\/7655"}],"wp:attachment":[{"href":"https:\/\/wenes-stand.com\/en\/wp-json\/wp\/v2\/media?parent=446"}],"curies":[{"name":"wp","href":"https:\/\/api.w.org\/{rel}","templated":true}]}}