{"id":353,"date":"2024-01-03T12:00:43","date_gmt":"2024-01-03T11:00:43","guid":{"rendered":"https:\/\/dev.acrv.fr\/wenes\/?page_id=353"},"modified":"2026-03-23T16:32:55","modified_gmt":"2026-03-23T15:32:55","slug":"testimonials","status":"publish","type":"page","link":"https:\/\/wenes-stand.com\/en\/temoignages\/","title":{"rendered":"Testimonials"},"content":{"rendered":"","protected":false},"excerpt":{"rendered":"","protected":false},"author":4,"featured_media":0,"parent":0,"menu_order":0,"comment_status":"closed","ping_status":"closed","template":"page-template-builder.php","meta":{"_acf_changed":false,"inline_featured_image":false,"footnotes":""},"class_list":["post-353","page","type-page","status-publish","hentry"],"acf":[],"yoast_head":"<!-- This site is optimized with the Yoast SEO plugin v27.4 - https:\/\/yoast.com\/product\/yoast-seo-wordpress\/ -->\n<title>T\u00e9moignages clients standiste \u2014 4,9\/5 \u00b7 WENES Stand Paris<\/title>\n<meta name=\"description\" content=\"Note 4,9\/5 \u00b7 98% de clients satisfaits. T\u00e9moignages vid\u00e9o et avis de nos clients : La Poste, Microsoft, Bien&#039;ici, CNIEL. WENES Stand, standiste Paris.\" \/>\n<meta name=\"robots\" content=\"index, follow, max-snippet:-1, max-image-preview:large, max-video-preview:-1\" \/>\n<link rel=\"canonical\" href=\"https:\/\/wenes-stand.com\/en\/testimonials\/\" \/>\n<meta property=\"og:locale\" content=\"en_US\" \/>\n<meta property=\"og:type\" content=\"article\" \/>\n<meta property=\"og:title\" content=\"T\u00e9moignages clients standiste \u2014 4,9\/5 \u00b7 WENES Stand Paris\" \/>\n<meta property=\"og:description\" content=\"Note 4,9\/5 \u00b7 98% de clients satisfaits. T\u00e9moignages vid\u00e9o et avis de nos clients : La Poste, Microsoft, Bien&#039;ici, CNIEL. WENES Stand, standiste Paris.\" \/>\n<meta property=\"og:url\" content=\"https:\/\/wenes-stand.com\/en\/testimonials\/\" \/>\n<meta property=\"og:site_name\" content=\"WENES Stand\" \/>\n<meta property=\"article:modified_time\" content=\"2026-03-23T15:32:55+00:00\" \/>\n<meta name=\"twitter:card\" content=\"summary_large_image\" \/>\n<script type=\"application\/ld+json\" class=\"yoast-schema-graph\">{\"@context\":\"https:\\\/\\\/schema.org\",\"@graph\":[{\"@type\":\"WebPage\",\"@id\":\"https:\\\/\\\/wenes-stand.com\\\/temoignages\\\/\",\"url\":\"https:\\\/\\\/wenes-stand.com\\\/temoignages\\\/\",\"name\":\"T\u00e9moignages clients standiste \u2014 4,9\\\/5 \u00b7 WENES Stand Paris\",\"isPartOf\":{\"@id\":\"https:\\\/\\\/wenes-stand.com\\\/#website\"},\"datePublished\":\"2024-01-03T11:00:43+00:00\",\"dateModified\":\"2026-03-23T15:32:55+00:00\",\"description\":\"Note 4,9\\\/5 \u00b7 98% de clients satisfaits. T\u00e9moignages vid\u00e9o et avis de nos clients : La Poste, Microsoft, Bien'ici, CNIEL. WENES Stand, standiste Paris.\",\"breadcrumb\":{\"@id\":\"https:\\\/\\\/wenes-stand.com\\\/temoignages\\\/#breadcrumb\"},\"inLanguage\":\"en-US\",\"potentialAction\":[{\"@type\":\"ReadAction\",\"target\":[\"https:\\\/\\\/wenes-stand.com\\\/temoignages\\\/\"]}]},{\"@type\":\"BreadcrumbList\",\"@id\":\"https:\\\/\\\/wenes-stand.com\\\/temoignages\\\/#breadcrumb\",\"itemListElement\":[{\"@type\":\"ListItem\",\"position\":1,\"name\":\"Accueil\",\"item\":\"https:\\\/\\\/wenes-stand.com\\\/\"},{\"@type\":\"ListItem\",\"position\":2,\"name\":\"T\u00e9moignages\"}]},{\"@type\":\"WebSite\",\"@id\":\"https:\\\/\\\/wenes-stand.com\\\/#website\",\"url\":\"https:\\\/\\\/wenes-stand.com\\\/\",\"name\":\"WenesStand\",\"description\":\"Notre exp\u00e9rience nous conduit \u00e0 croire que tout succ\u00e8s r\u00e9side dans la qualit\u00e9 des rapports humains.\",\"potentialAction\":[{\"@type\":\"SearchAction\",\"target\":{\"@type\":\"EntryPoint\",\"urlTemplate\":\"https:\\\/\\\/wenes-stand.com\\\/?s={search_term_string}\"},\"query-input\":{\"@type\":\"PropertyValueSpecification\",\"valueRequired\":true,\"valueName\":\"search_term_string\"}}],\"inLanguage\":\"en-US\"}]}<\/script>\n<!-- \/ Yoast SEO plugin. -->","yoast_head_json":{"title":"T\u00e9moignages clients standiste \u2014 4,9\/5 \u00b7 WENES Stand Paris","description":"Note 4,9\/5 \u00b7 98% de clients satisfaits. T\u00e9moignages vid\u00e9o et avis de nos clients : La Poste, Microsoft, Bien'ici, CNIEL. WENES Stand, standiste Paris.","robots":{"index":"index","follow":"follow","max-snippet":"max-snippet:-1","max-image-preview":"max-image-preview:large","max-video-preview":"max-video-preview:-1"},"canonical":"https:\/\/wenes-stand.com\/en\/testimonials\/","og_locale":"en_US","og_type":"article","og_title":"T\u00e9moignages clients standiste \u2014 4,9\/5 \u00b7 WENES Stand Paris","og_description":"Note 4,9\/5 \u00b7 98% de clients satisfaits. T\u00e9moignages vid\u00e9o et avis de nos clients : La Poste, Microsoft, Bien'ici, CNIEL. WENES Stand, standiste Paris.","og_url":"https:\/\/wenes-stand.com\/en\/testimonials\/","og_site_name":"WENES Stand","article_modified_time":"2026-03-23T15:32:55+00:00","twitter_card":"summary_large_image","schema":{"@context":"https:\/\/schema.org","@graph":[{"@type":"WebPage","@id":"https:\/\/wenes-stand.com\/temoignages\/","url":"https:\/\/wenes-stand.com\/temoignages\/","name":"T\u00e9moignages clients standiste \u2014 4,9\/5 \u00b7 WENES Stand Paris","isPartOf":{"@id":"https:\/\/wenes-stand.com\/#website"},"datePublished":"2024-01-03T11:00:43+00:00","dateModified":"2026-03-23T15:32:55+00:00","description":"Note 4,9\/5 \u00b7 98% de clients satisfaits. T\u00e9moignages vid\u00e9o et avis de nos clients : La Poste, Microsoft, Bien'ici, CNIEL. WENES Stand, standiste Paris.","breadcrumb":{"@id":"https:\/\/wenes-stand.com\/temoignages\/#breadcrumb"},"inLanguage":"en-US","potentialAction":[{"@type":"ReadAction","target":["https:\/\/wenes-stand.com\/temoignages\/"]}]},{"@type":"BreadcrumbList","@id":"https:\/\/wenes-stand.com\/temoignages\/#breadcrumb","itemListElement":[{"@type":"ListItem","position":1,"name":"Accueil","item":"https:\/\/wenes-stand.com\/"},{"@type":"ListItem","position":2,"name":"T\u00e9moignages"}]},{"@type":"WebSite","@id":"https:\/\/wenes-stand.com\/#website","url":"https:\/\/wenes-stand.com\/","name":"WenesStand","description":"Our experience leads us to believe that success lies in the quality of human relationships.","potentialAction":[{"@type":"SearchAction","target":{"@type":"EntryPoint","urlTemplate":"https:\/\/wenes-stand.com\/?s={search_term_string}"},"query-input":{"@type":"PropertyValueSpecification","valueRequired":true,"valueName":"search_term_string"}}],"inLanguage":"en-US"}]}},"_links":{"self":[{"href":"https:\/\/wenes-stand.com\/en\/wp-json\/wp\/v2\/pages\/353","targetHints":{"allow":["GET"]}}],"collection":[{"href":"https:\/\/wenes-stand.com\/en\/wp-json\/wp\/v2\/pages"}],"about":[{"href":"https:\/\/wenes-stand.com\/en\/wp-json\/wp\/v2\/types\/page"}],"author":[{"embeddable":true,"href":"https:\/\/wenes-stand.com\/en\/wp-json\/wp\/v2\/users\/4"}],"replies":[{"embeddable":true,"href":"https:\/\/wenes-stand.com\/en\/wp-json\/wp\/v2\/comments?post=353"}],"version-history":[{"count":8,"href":"https:\/\/wenes-stand.com\/en\/wp-json\/wp\/v2\/pages\/353\/revisions"}],"predecessor-version":[{"id":14073,"href":"https:\/\/wenes-stand.com\/en\/wp-json\/wp\/v2\/pages\/353\/revisions\/14073"}],"wp:attachment":[{"href":"https:\/\/wenes-stand.com\/en\/wp-json\/wp\/v2\/media?parent=353"}],"curies":[{"name":"wp","href":"https:\/\/api.w.org\/{rel}","templated":true}]}}