{"id":3,"date":"2023-10-12T09:00:05","date_gmt":"2023-10-12T07:00:05","guid":{"rendered":"https:\/\/dev.acrv.fr\/wenes\/?page_id=3"},"modified":"2023-10-12T09:12:51","modified_gmt":"2023-10-12T07:12:51","slug":"privacy-policy","status":"publish","type":"page","link":"https:\/\/wenes-stand.com\/en\/politique-de-confidentialite\/","title":{"rendered":"Privacy policy"},"content":{"rendered":"","protected":false},"excerpt":{"rendered":"","protected":false},"author":4,"featured_media":0,"parent":0,"menu_order":5,"comment_status":"closed","ping_status":"closed","template":"page-template-content.php","meta":{"_acf_changed":false,"inline_featured_image":false,"footnotes":""},"class_list":["post-3","page","type-page","status-publish","hentry"],"acf":[],"yoast_head":"<!-- This site is optimized with the Yoast SEO plugin v27.3 - https:\/\/yoast.com\/product\/yoast-seo-wordpress\/ -->\n<title>Politique de confidentialit\u00e9 - WENES Stand<\/title>\n<meta name=\"robots\" content=\"index, follow, max-snippet:-1, max-image-preview:large, max-video-preview:-1\" \/>\n<link rel=\"canonical\" href=\"https:\/\/wenes-stand.com\/en\/privacy-policy\/\" \/>\n<meta property=\"og:locale\" content=\"en_US\" \/>\n<meta property=\"og:type\" content=\"article\" \/>\n<meta property=\"og:title\" content=\"Politique de confidentialit\u00e9 - WENES Stand\" \/>\n<meta property=\"og:url\" content=\"https:\/\/wenes-stand.com\/en\/privacy-policy\/\" \/>\n<meta property=\"og:site_name\" content=\"WENES Stand\" \/>\n<meta property=\"article:modified_time\" content=\"2023-10-12T07:12:51+00:00\" \/>\n<meta name=\"twitter:card\" content=\"summary_large_image\" \/>\n<script type=\"application\/ld+json\" class=\"yoast-schema-graph\">{\"@context\":\"https:\\\/\\\/schema.org\",\"@graph\":[{\"@type\":\"WebPage\",\"@id\":\"https:\\\/\\\/wenes-stand.com\\\/politique-de-confidentialite\\\/\",\"url\":\"https:\\\/\\\/wenes-stand.com\\\/politique-de-confidentialite\\\/\",\"name\":\"Politique de confidentialit\u00e9 - WENES Stand\",\"isPartOf\":{\"@id\":\"https:\\\/\\\/wenes-stand.com\\\/#website\"},\"datePublished\":\"2023-10-12T07:00:05+00:00\",\"dateModified\":\"2023-10-12T07:12:51+00:00\",\"breadcrumb\":{\"@id\":\"https:\\\/\\\/wenes-stand.com\\\/politique-de-confidentialite\\\/#breadcrumb\"},\"inLanguage\":\"en-US\",\"potentialAction\":[{\"@type\":\"ReadAction\",\"target\":[\"https:\\\/\\\/wenes-stand.com\\\/politique-de-confidentialite\\\/\"]}]},{\"@type\":\"BreadcrumbList\",\"@id\":\"https:\\\/\\\/wenes-stand.com\\\/politique-de-confidentialite\\\/#breadcrumb\",\"itemListElement\":[{\"@type\":\"ListItem\",\"position\":1,\"name\":\"Accueil\",\"item\":\"https:\\\/\\\/wenes-stand.com\\\/\"},{\"@type\":\"ListItem\",\"position\":2,\"name\":\"Politique de confidentialit\u00e9\"}]},{\"@type\":\"WebSite\",\"@id\":\"https:\\\/\\\/wenes-stand.com\\\/#website\",\"url\":\"https:\\\/\\\/wenes-stand.com\\\/\",\"name\":\"WenesStand\",\"description\":\"Notre exp\u00e9rience nous conduit \u00e0 croire que tout succ\u00e8s r\u00e9side dans la qualit\u00e9 des rapports humains.\",\"potentialAction\":[{\"@type\":\"SearchAction\",\"target\":{\"@type\":\"EntryPoint\",\"urlTemplate\":\"https:\\\/\\\/wenes-stand.com\\\/?s={search_term_string}\"},\"query-input\":{\"@type\":\"PropertyValueSpecification\",\"valueRequired\":true,\"valueName\":\"search_term_string\"}}],\"inLanguage\":\"en-US\"}]}<\/script>\n<!-- \/ Yoast SEO plugin. -->","yoast_head_json":{"title":"Politique de confidentialit\u00e9 - WENES Stand","robots":{"index":"index","follow":"follow","max-snippet":"max-snippet:-1","max-image-preview":"max-image-preview:large","max-video-preview":"max-video-preview:-1"},"canonical":"https:\/\/wenes-stand.com\/en\/privacy-policy\/","og_locale":"en_US","og_type":"article","og_title":"Politique de confidentialit\u00e9 - WENES Stand","og_url":"https:\/\/wenes-stand.com\/en\/privacy-policy\/","og_site_name":"WENES Stand","article_modified_time":"2023-10-12T07:12:51+00:00","twitter_card":"summary_large_image","schema":{"@context":"https:\/\/schema.org","@graph":[{"@type":"WebPage","@id":"https:\/\/wenes-stand.com\/politique-de-confidentialite\/","url":"https:\/\/wenes-stand.com\/politique-de-confidentialite\/","name":"Politique de confidentialit\u00e9 - WENES Stand","isPartOf":{"@id":"https:\/\/wenes-stand.com\/#website"},"datePublished":"2023-10-12T07:00:05+00:00","dateModified":"2023-10-12T07:12:51+00:00","breadcrumb":{"@id":"https:\/\/wenes-stand.com\/politique-de-confidentialite\/#breadcrumb"},"inLanguage":"en-US","potentialAction":[{"@type":"ReadAction","target":["https:\/\/wenes-stand.com\/politique-de-confidentialite\/"]}]},{"@type":"BreadcrumbList","@id":"https:\/\/wenes-stand.com\/politique-de-confidentialite\/#breadcrumb","itemListElement":[{"@type":"ListItem","position":1,"name":"Accueil","item":"https:\/\/wenes-stand.com\/"},{"@type":"ListItem","position":2,"name":"Politique de confidentialit\u00e9"}]},{"@type":"WebSite","@id":"https:\/\/wenes-stand.com\/#website","url":"https:\/\/wenes-stand.com\/","name":"WenesStand","description":"Our experience leads us to believe that success lies in the quality of human relationships.","potentialAction":[{"@type":"SearchAction","target":{"@type":"EntryPoint","urlTemplate":"https:\/\/wenes-stand.com\/?s={search_term_string}"},"query-input":{"@type":"PropertyValueSpecification","valueRequired":true,"valueName":"search_term_string"}}],"inLanguage":"en-US"}]}},"_links":{"self":[{"href":"https:\/\/wenes-stand.com\/en\/wp-json\/wp\/v2\/pages\/3","targetHints":{"allow":["GET"]}}],"collection":[{"href":"https:\/\/wenes-stand.com\/en\/wp-json\/wp\/v2\/pages"}],"about":[{"href":"https:\/\/wenes-stand.com\/en\/wp-json\/wp\/v2\/types\/page"}],"author":[{"embeddable":true,"href":"https:\/\/wenes-stand.com\/en\/wp-json\/wp\/v2\/users\/4"}],"replies":[{"embeddable":true,"href":"https:\/\/wenes-stand.com\/en\/wp-json\/wp\/v2\/comments?post=3"}],"version-history":[{"count":0,"href":"https:\/\/wenes-stand.com\/en\/wp-json\/wp\/v2\/pages\/3\/revisions"}],"wp:attachment":[{"href":"https:\/\/wenes-stand.com\/en\/wp-json\/wp\/v2\/media?parent=3"}],"curies":[{"name":"wp","href":"https:\/\/api.w.org\/{rel}","templated":true}]}}