{"id":235,"date":"2023-10-18T14:17:44","date_gmt":"2023-10-18T12:17:44","guid":{"rendered":"https:\/\/dev.acrv.fr\/wenes\/?page_id=235"},"modified":"2026-03-16T17:10:52","modified_gmt":"2026-03-16T16:10:52","slug":"customized-stand","status":"publish","type":"page","link":"https:\/\/wenes-stand.com\/en\/expertises\/stand-sur-mesure\/","title":{"rendered":"Custom stand builder"},"content":{"rendered":"","protected":false},"excerpt":{"rendered":"","protected":false},"author":4,"featured_media":0,"parent":979,"menu_order":0,"comment_status":"closed","ping_status":"closed","template":"page-template-builder.php","meta":{"_acf_changed":false,"inline_featured_image":false,"footnotes":""},"class_list":["post-235","page","type-page","status-publish","hentry"],"acf":[],"yoast_head":"<!-- This site is optimized with the Yoast SEO plugin v27.3 - https:\/\/yoast.com\/product\/yoast-seo-wordpress\/ -->\n<title>Stand sur-mesure \u2014 Conception &amp; fabrication \u00b7 WENES Stand<\/title>\n<meta name=\"description\" content=\"Standiste sur-mesure depuis 18 ans : conception, fabrication, livraison cl\u00e9 en main. Rendu 3D inclus. 100% fabriqu\u00e9 en France. Paris, Lyon, Nantes.\" \/>\n<meta name=\"robots\" content=\"index, follow, max-snippet:-1, max-image-preview:large, max-video-preview:-1\" \/>\n<link rel=\"canonical\" href=\"https:\/\/wenes-stand.com\/en\/expertise\/customized-stand\/\" \/>\n<meta property=\"og:locale\" content=\"en_US\" \/>\n<meta property=\"og:type\" content=\"article\" \/>\n<meta property=\"og:title\" content=\"Stand sur-mesure \u2014 Conception &amp; fabrication \u00b7 WENES Stand\" \/>\n<meta property=\"og:description\" content=\"Standiste sur-mesure depuis 18 ans : conception, fabrication, livraison cl\u00e9 en main. Rendu 3D inclus. 100% fabriqu\u00e9 en France. Paris, Lyon, Nantes.\" \/>\n<meta property=\"og:url\" content=\"https:\/\/wenes-stand.com\/en\/expertise\/customized-stand\/\" \/>\n<meta property=\"og:site_name\" content=\"WENES Stand\" \/>\n<meta property=\"article:modified_time\" content=\"2026-03-16T16:10:52+00:00\" \/>\n<meta name=\"twitter:card\" content=\"summary_large_image\" \/>\n<script type=\"application\/ld+json\" class=\"yoast-schema-graph\">{\"@context\":\"https:\\\/\\\/schema.org\",\"@graph\":[{\"@type\":\"WebPage\",\"@id\":\"https:\\\/\\\/wenes-stand.com\\\/expertises\\\/stand-sur-mesure\\\/\",\"url\":\"https:\\\/\\\/wenes-stand.com\\\/expertises\\\/stand-sur-mesure\\\/\",\"name\":\"Stand sur-mesure \u2014 Conception & fabrication \u00b7 WENES Stand\",\"isPartOf\":{\"@id\":\"https:\\\/\\\/wenes-stand.com\\\/#website\"},\"datePublished\":\"2023-10-18T12:17:44+00:00\",\"dateModified\":\"2026-03-16T16:10:52+00:00\",\"description\":\"Standiste sur-mesure depuis 18 ans : conception, fabrication, livraison cl\u00e9 en main. Rendu 3D inclus. 100% fabriqu\u00e9 en France. Paris, Lyon, Nantes.\",\"breadcrumb\":{\"@id\":\"https:\\\/\\\/wenes-stand.com\\\/expertises\\\/stand-sur-mesure\\\/#breadcrumb\"},\"inLanguage\":\"en-US\",\"potentialAction\":[{\"@type\":\"ReadAction\",\"target\":[\"https:\\\/\\\/wenes-stand.com\\\/expertises\\\/stand-sur-mesure\\\/\"]}]},{\"@type\":\"BreadcrumbList\",\"@id\":\"https:\\\/\\\/wenes-stand.com\\\/expertises\\\/stand-sur-mesure\\\/#breadcrumb\",\"itemListElement\":[{\"@type\":\"ListItem\",\"position\":1,\"name\":\"Accueil\",\"item\":\"https:\\\/\\\/wenes-stand.com\\\/\"},{\"@type\":\"ListItem\",\"position\":2,\"name\":\"Expertises\",\"item\":\"https:\\\/\\\/wenes-stand.com\\\/expertises\\\/\"},{\"@type\":\"ListItem\",\"position\":3,\"name\":\"Stand sur-mesure\"}]},{\"@type\":\"WebSite\",\"@id\":\"https:\\\/\\\/wenes-stand.com\\\/#website\",\"url\":\"https:\\\/\\\/wenes-stand.com\\\/\",\"name\":\"WenesStand\",\"description\":\"Notre exp\u00e9rience nous conduit \u00e0 croire que tout succ\u00e8s r\u00e9side dans la qualit\u00e9 des rapports humains.\",\"potentialAction\":[{\"@type\":\"SearchAction\",\"target\":{\"@type\":\"EntryPoint\",\"urlTemplate\":\"https:\\\/\\\/wenes-stand.com\\\/?s={search_term_string}\"},\"query-input\":{\"@type\":\"PropertyValueSpecification\",\"valueRequired\":true,\"valueName\":\"search_term_string\"}}],\"inLanguage\":\"en-US\"}]}<\/script>\n<!-- \/ Yoast SEO plugin. -->","yoast_head_json":{"title":"Stand sur-mesure \u2014 Conception & fabrication \u00b7 WENES Stand","description":"Standiste sur-mesure depuis 18 ans : conception, fabrication, livraison cl\u00e9 en main. Rendu 3D inclus. 100% fabriqu\u00e9 en France. Paris, Lyon, Nantes.","robots":{"index":"index","follow":"follow","max-snippet":"max-snippet:-1","max-image-preview":"max-image-preview:large","max-video-preview":"max-video-preview:-1"},"canonical":"https:\/\/wenes-stand.com\/en\/expertise\/customized-stand\/","og_locale":"en_US","og_type":"article","og_title":"Stand sur-mesure \u2014 Conception & fabrication \u00b7 WENES Stand","og_description":"Standiste sur-mesure depuis 18 ans : conception, fabrication, livraison cl\u00e9 en main. Rendu 3D inclus. 100% fabriqu\u00e9 en France. Paris, Lyon, Nantes.","og_url":"https:\/\/wenes-stand.com\/en\/expertise\/customized-stand\/","og_site_name":"WENES Stand","article_modified_time":"2026-03-16T16:10:52+00:00","twitter_card":"summary_large_image","schema":{"@context":"https:\/\/schema.org","@graph":[{"@type":"WebPage","@id":"https:\/\/wenes-stand.com\/expertises\/stand-sur-mesure\/","url":"https:\/\/wenes-stand.com\/expertises\/stand-sur-mesure\/","name":"Stand sur-mesure \u2014 Conception & fabrication \u00b7 WENES Stand","isPartOf":{"@id":"https:\/\/wenes-stand.com\/#website"},"datePublished":"2023-10-18T12:17:44+00:00","dateModified":"2026-03-16T16:10:52+00:00","description":"Standiste sur-mesure depuis 18 ans : conception, fabrication, livraison cl\u00e9 en main. Rendu 3D inclus. 100% fabriqu\u00e9 en France. Paris, Lyon, Nantes.","breadcrumb":{"@id":"https:\/\/wenes-stand.com\/expertises\/stand-sur-mesure\/#breadcrumb"},"inLanguage":"en-US","potentialAction":[{"@type":"ReadAction","target":["https:\/\/wenes-stand.com\/expertises\/stand-sur-mesure\/"]}]},{"@type":"BreadcrumbList","@id":"https:\/\/wenes-stand.com\/expertises\/stand-sur-mesure\/#breadcrumb","itemListElement":[{"@type":"ListItem","position":1,"name":"Accueil","item":"https:\/\/wenes-stand.com\/"},{"@type":"ListItem","position":2,"name":"Expertises","item":"https:\/\/wenes-stand.com\/expertises\/"},{"@type":"ListItem","position":3,"name":"Stand sur-mesure"}]},{"@type":"WebSite","@id":"https:\/\/wenes-stand.com\/#website","url":"https:\/\/wenes-stand.com\/","name":"WenesStand","description":"Our experience leads us to believe that success lies in the quality of human relationships.","potentialAction":[{"@type":"SearchAction","target":{"@type":"EntryPoint","urlTemplate":"https:\/\/wenes-stand.com\/?s={search_term_string}"},"query-input":{"@type":"PropertyValueSpecification","valueRequired":true,"valueName":"search_term_string"}}],"inLanguage":"en-US"}]}},"_links":{"self":[{"href":"https:\/\/wenes-stand.com\/en\/wp-json\/wp\/v2\/pages\/235","targetHints":{"allow":["GET"]}}],"collection":[{"href":"https:\/\/wenes-stand.com\/en\/wp-json\/wp\/v2\/pages"}],"about":[{"href":"https:\/\/wenes-stand.com\/en\/wp-json\/wp\/v2\/types\/page"}],"author":[{"embeddable":true,"href":"https:\/\/wenes-stand.com\/en\/wp-json\/wp\/v2\/users\/4"}],"replies":[{"embeddable":true,"href":"https:\/\/wenes-stand.com\/en\/wp-json\/wp\/v2\/comments?post=235"}],"version-history":[{"count":5,"href":"https:\/\/wenes-stand.com\/en\/wp-json\/wp\/v2\/pages\/235\/revisions"}],"predecessor-version":[{"id":13985,"href":"https:\/\/wenes-stand.com\/en\/wp-json\/wp\/v2\/pages\/235\/revisions\/13985"}],"up":[{"embeddable":true,"href":"https:\/\/wenes-stand.com\/en\/wp-json\/wp\/v2\/pages\/979"}],"wp:attachment":[{"href":"https:\/\/wenes-stand.com\/en\/wp-json\/wp\/v2\/media?parent=235"}],"curies":[{"name":"wp","href":"https:\/\/api.w.org\/{rel}","templated":true}]}}