{"id":231,"date":"2023-10-18T14:17:08","date_gmt":"2023-10-18T12:17:08","guid":{"rendered":"https:\/\/dev.acrv.fr\/wenes\/?page_id=231"},"modified":"2026-03-12T15:00:36","modified_gmt":"2026-03-12T14:00:36","slug":"agence-standiste-tous-salons-tous-secteurs","status":"publish","type":"page","link":"https:\/\/wenes-stand.com\/en\/expertises\/agence-standiste-tous-salons-tous-secteurs\/","title":{"rendered":"Stand builder for all your trade shows"},"content":{"rendered":"","protected":false},"excerpt":{"rendered":"","protected":false},"author":4,"featured_media":0,"parent":979,"menu_order":0,"comment_status":"closed","ping_status":"closed","template":"page-template-builder.php","meta":{"_acf_changed":false,"inline_featured_image":false,"footnotes":""},"class_list":["post-231","page","type-page","status-publish","hentry"],"acf":[],"yoast_head":"<!-- This site is optimized with the Yoast SEO plugin v27.4 - https:\/\/yoast.com\/product\/yoast-seo-wordpress\/ -->\n<title>Agence standiste \u2014 Tous salons, tous secteurs \u00b7 WENES Stand<\/title>\n<meta name=\"description\" content=\"Standiste multi-salons et multi-secteurs : immobilier, industrie, m\u00e9dical, tech, agro. WENES Stand intervient partout en France et \u00e0 l&#039;international.\" \/>\n<meta name=\"robots\" content=\"index, follow, max-snippet:-1, max-image-preview:large, max-video-preview:-1\" \/>\n<link rel=\"canonical\" href=\"https:\/\/wenes-stand.com\/en\/expertise\/agence-standiste-tous-salons-tous-secteurs\/\" \/>\n<meta property=\"og:locale\" content=\"en_US\" \/>\n<meta property=\"og:type\" content=\"article\" \/>\n<meta property=\"og:title\" content=\"Agence standiste \u2014 Tous salons, tous secteurs \u00b7 WENES Stand\" \/>\n<meta property=\"og:description\" content=\"Standiste multi-salons et multi-secteurs : immobilier, industrie, m\u00e9dical, tech, agro. WENES Stand intervient partout en France et \u00e0 l&#039;international.\" \/>\n<meta property=\"og:url\" content=\"https:\/\/wenes-stand.com\/en\/expertise\/agence-standiste-tous-salons-tous-secteurs\/\" \/>\n<meta property=\"og:site_name\" content=\"WENES Stand\" \/>\n<meta property=\"article:modified_time\" content=\"2026-03-12T14:00:36+00:00\" \/>\n<meta name=\"twitter:card\" content=\"summary_large_image\" \/>\n<script type=\"application\/ld+json\" class=\"yoast-schema-graph\">{\"@context\":\"https:\\\/\\\/schema.org\",\"@graph\":[{\"@type\":\"WebPage\",\"@id\":\"https:\\\/\\\/wenes-stand.com\\\/expertises\\\/agence-standiste-tous-salons-tous-secteurs\\\/\",\"url\":\"https:\\\/\\\/wenes-stand.com\\\/expertises\\\/agence-standiste-tous-salons-tous-secteurs\\\/\",\"name\":\"Agence standiste \u2014 Tous salons, tous secteurs \u00b7 WENES Stand\",\"isPartOf\":{\"@id\":\"https:\\\/\\\/wenes-stand.com\\\/#website\"},\"datePublished\":\"2023-10-18T12:17:08+00:00\",\"dateModified\":\"2026-03-12T14:00:36+00:00\",\"description\":\"Standiste multi-salons et multi-secteurs : immobilier, industrie, m\u00e9dical, tech, agro. WENES Stand intervient partout en France et \u00e0 l'international.\",\"breadcrumb\":{\"@id\":\"https:\\\/\\\/wenes-stand.com\\\/expertises\\\/agence-standiste-tous-salons-tous-secteurs\\\/#breadcrumb\"},\"inLanguage\":\"en-US\",\"potentialAction\":[{\"@type\":\"ReadAction\",\"target\":[\"https:\\\/\\\/wenes-stand.com\\\/expertises\\\/agence-standiste-tous-salons-tous-secteurs\\\/\"]}]},{\"@type\":\"BreadcrumbList\",\"@id\":\"https:\\\/\\\/wenes-stand.com\\\/expertises\\\/agence-standiste-tous-salons-tous-secteurs\\\/#breadcrumb\",\"itemListElement\":[{\"@type\":\"ListItem\",\"position\":1,\"name\":\"Accueil\",\"item\":\"https:\\\/\\\/wenes-stand.com\\\/\"},{\"@type\":\"ListItem\",\"position\":2,\"name\":\"Expertises\",\"item\":\"https:\\\/\\\/wenes-stand.com\\\/expertises\\\/\"},{\"@type\":\"ListItem\",\"position\":3,\"name\":\"Standiste de tous vos salons\"}]},{\"@type\":\"WebSite\",\"@id\":\"https:\\\/\\\/wenes-stand.com\\\/#website\",\"url\":\"https:\\\/\\\/wenes-stand.com\\\/\",\"name\":\"WenesStand\",\"description\":\"Notre exp\u00e9rience nous conduit \u00e0 croire que tout succ\u00e8s r\u00e9side dans la qualit\u00e9 des rapports humains.\",\"potentialAction\":[{\"@type\":\"SearchAction\",\"target\":{\"@type\":\"EntryPoint\",\"urlTemplate\":\"https:\\\/\\\/wenes-stand.com\\\/?s={search_term_string}\"},\"query-input\":{\"@type\":\"PropertyValueSpecification\",\"valueRequired\":true,\"valueName\":\"search_term_string\"}}],\"inLanguage\":\"en-US\"}]}<\/script>\n<!-- \/ Yoast SEO plugin. -->","yoast_head_json":{"title":"Agence standiste \u2014 Tous salons, tous secteurs \u00b7 WENES Stand","description":"Standiste multi-salons et multi-secteurs : immobilier, industrie, m\u00e9dical, tech, agro. WENES Stand intervient partout en France et \u00e0 l'international.","robots":{"index":"index","follow":"follow","max-snippet":"max-snippet:-1","max-image-preview":"max-image-preview:large","max-video-preview":"max-video-preview:-1"},"canonical":"https:\/\/wenes-stand.com\/en\/expertise\/agence-standiste-tous-salons-tous-secteurs\/","og_locale":"en_US","og_type":"article","og_title":"Agence standiste \u2014 Tous salons, tous secteurs \u00b7 WENES Stand","og_description":"Standiste multi-salons et multi-secteurs : immobilier, industrie, m\u00e9dical, tech, agro. WENES Stand intervient partout en France et \u00e0 l'international.","og_url":"https:\/\/wenes-stand.com\/en\/expertise\/agence-standiste-tous-salons-tous-secteurs\/","og_site_name":"WENES Stand","article_modified_time":"2026-03-12T14:00:36+00:00","twitter_card":"summary_large_image","schema":{"@context":"https:\/\/schema.org","@graph":[{"@type":"WebPage","@id":"https:\/\/wenes-stand.com\/expertises\/agence-standiste-tous-salons-tous-secteurs\/","url":"https:\/\/wenes-stand.com\/expertises\/agence-standiste-tous-salons-tous-secteurs\/","name":"Agence standiste \u2014 Tous salons, tous secteurs \u00b7 WENES Stand","isPartOf":{"@id":"https:\/\/wenes-stand.com\/#website"},"datePublished":"2023-10-18T12:17:08+00:00","dateModified":"2026-03-12T14:00:36+00:00","description":"Standiste multi-salons et multi-secteurs : immobilier, industrie, m\u00e9dical, tech, agro. WENES Stand intervient partout en France et \u00e0 l'international.","breadcrumb":{"@id":"https:\/\/wenes-stand.com\/expertises\/agence-standiste-tous-salons-tous-secteurs\/#breadcrumb"},"inLanguage":"en-US","potentialAction":[{"@type":"ReadAction","target":["https:\/\/wenes-stand.com\/expertises\/agence-standiste-tous-salons-tous-secteurs\/"]}]},{"@type":"BreadcrumbList","@id":"https:\/\/wenes-stand.com\/expertises\/agence-standiste-tous-salons-tous-secteurs\/#breadcrumb","itemListElement":[{"@type":"ListItem","position":1,"name":"Accueil","item":"https:\/\/wenes-stand.com\/"},{"@type":"ListItem","position":2,"name":"Expertises","item":"https:\/\/wenes-stand.com\/expertises\/"},{"@type":"ListItem","position":3,"name":"Standiste de tous vos salons"}]},{"@type":"WebSite","@id":"https:\/\/wenes-stand.com\/#website","url":"https:\/\/wenes-stand.com\/","name":"WenesStand","description":"Our experience leads us to believe that success lies in the quality of human relationships.","potentialAction":[{"@type":"SearchAction","target":{"@type":"EntryPoint","urlTemplate":"https:\/\/wenes-stand.com\/?s={search_term_string}"},"query-input":{"@type":"PropertyValueSpecification","valueRequired":true,"valueName":"search_term_string"}}],"inLanguage":"en-US"}]}},"_links":{"self":[{"href":"https:\/\/wenes-stand.com\/en\/wp-json\/wp\/v2\/pages\/231","targetHints":{"allow":["GET"]}}],"collection":[{"href":"https:\/\/wenes-stand.com\/en\/wp-json\/wp\/v2\/pages"}],"about":[{"href":"https:\/\/wenes-stand.com\/en\/wp-json\/wp\/v2\/types\/page"}],"author":[{"embeddable":true,"href":"https:\/\/wenes-stand.com\/en\/wp-json\/wp\/v2\/users\/4"}],"replies":[{"embeddable":true,"href":"https:\/\/wenes-stand.com\/en\/wp-json\/wp\/v2\/comments?post=231"}],"version-history":[{"count":5,"href":"https:\/\/wenes-stand.com\/en\/wp-json\/wp\/v2\/pages\/231\/revisions"}],"predecessor-version":[{"id":7864,"href":"https:\/\/wenes-stand.com\/en\/wp-json\/wp\/v2\/pages\/231\/revisions\/7864"}],"up":[{"embeddable":true,"href":"https:\/\/wenes-stand.com\/en\/wp-json\/wp\/v2\/pages\/979"}],"wp:attachment":[{"href":"https:\/\/wenes-stand.com\/en\/wp-json\/wp\/v2\/media?parent=231"}],"curies":[{"name":"wp","href":"https:\/\/api.w.org\/{rel}","templated":true}]}}