{"id":216,"date":"2023-10-18T13:40:01","date_gmt":"2023-10-18T11:40:01","guid":{"rendered":"https:\/\/dev.acrv.fr\/wenes\/?page_id=216"},"modified":"2024-02-23T17:14:31","modified_gmt":"2024-02-23T16:14:31","slug":"legal-notice","status":"publish","type":"page","link":"https:\/\/wenes-stand.com\/en\/mentions-legales\/","title":{"rendered":"Terms of use"},"content":{"rendered":"<p><b>Raison sociale<\/b><span>\u00a0: [WENES GROUP]<\/span><span><br \/>\n<\/span><b>Si\u00e8ge social<\/b><span>\u00a0: [15 rue Marcelin Berthelot \u2013 94140 Alfortville]<\/span><span><br \/>\n<\/span><b>Forme juridique<\/b><span>\u00a0: [SARL]<\/span><span><br \/>\n<\/span><b>N\u00b0 SIREN<\/b><span>\u00a0: [844 877 720<\/span><span>]<\/span><span><br \/>\n<\/span><b>Capital social<\/b><span>\u00a0: [296\u00a0420,00<\/span><span>\u00a0\u20ac<\/span><span>]<\/span><span><br \/>\n<\/span><b>Responsable<\/b><span>\u00a0: [Charline Prunier]<\/span><\/p>\n<p><span>Conform\u00e9ment \u00e0 la loi n\u00b02004-575 du 21 juin 2004 pour la confiance dans l\u2019\u00e9conomie num\u00e9rique, nous vous informons que le site internet \u00ab\u00a0<\/span><b>www.wenes-stand.com<\/b><span>\u00a0\u00bb est la propri\u00e9t\u00e9 de\u00a0<\/span><b>[WENES GROUP]<\/b><span>.<\/span><\/p>\n<p><span>Il est h\u00e9berg\u00e9 sur les mat\u00e9riels informatiques de la soci\u00e9t\u00e9\u00a0<\/span><b>[ovh]<\/b><span>\u00a0dont le si\u00e8ge social est :\u00a0<\/span><b>[<\/b><b>2 rue Kellermann \u2013 59100 Roubaix \u2013 France<\/b><b>]<\/b><span>.<\/span><\/p>\n<p><span>Le site\u00a0<\/span><b>www.wenes-stand.com<span>\u00a0<\/span><\/b><span>est r\u00e9gi par le droit fran\u00e7ais ; les visiteurs ayant acc\u00e8s au site de l\u2019\u00e9tranger, doivent s\u2019assurer du respect des lois localement applicables.<\/span><\/p>\n<p><span>Les mentions l\u00e9gales pouvant \u00eatre modifi\u00e9es \u00e0 tout moment et sans pr\u00e9avis, nous vous engageons \u00e0 les consulter r\u00e9guli\u00e8rement.<\/span><\/p>\n<p><b>PROPRIETE INTELLECTUELLE<\/b><\/p>\n<p><b>[WENES GROUP]<\/b><span>\u00a0d\u00e9tient, se r\u00e9serve et conserve tous les droits de propri\u00e9t\u00e9, notamment intellectuelle, y compris les droits de reproduction sur le pr\u00e9sent site et les \u00e9l\u00e9ments qu\u2019il contient. En cons\u00e9quence et notamment toute reproduction partielle ou totale du pr\u00e9sent site et des \u00e9l\u00e9ments qu\u2019il contient est strictement interdite sans autorisation \u00e9crite de\u00a0<\/span><b>[WENES GROUP<\/b><b>]<\/b><span>.<\/span><\/p>\n<p><span>Les logos et tous autres signes distinctifs contenus sur ce site sont la propri\u00e9t\u00e9 de\u00a0<\/span><b>[WENES GROUP]<\/b><span>\u00a0ou font l\u2019objet d\u2019une autorisation d\u2019utilisation. Aucun droit ou licence ne saurait \u00eatre attribu\u00e9 sur l\u2019un quelconque de ces \u00e9l\u00e9ments sans l\u2019autorisation \u00e9crite de\u00a0<\/span><b>[WENES GROUP]<\/b><span>\u00a0ou du tiers d\u00e9tenteur des droits.<\/span><\/p>\n<p><b>EXCLUSION DE GARANTIE ET DE RESPONSABILIT\u00c9<\/b><\/p>\n<p><span>L\u2019utilisateur du site web \u00ab\u00a0<\/span><b>www.wenes-stand.com<\/b><span>\u00bb reconna\u00eet avoir pris connaissance des pr\u00e9sentes conditions d\u2019utilisation du site et s\u2019engage \u00e0 les respecter.<\/span><\/p>\n<p><b>[WENES GROUP]<\/b><span>\u00a0ne saurait \u00eatre tenue pour responsable des dommages directs ou indirects qui pourraient r\u00e9sulter de l\u2019acc\u00e8s au site ou de l\u2019utilisation du site et\/ou de ces informations, y compris l\u2019inaccessibilit\u00e9, les pertes de donn\u00e9es, d\u00e9t\u00e9riorations, destructions ou virus qui pourraient affecter l\u2019\u00e9quipement informatique de l\u2019utilisateur et\/ou de la pr\u00e9sence de virus sur son site.<\/span><\/p>\n<p><span>Bien que\u00a0<\/span><b>[WENES GROUP]<\/b><span>\u00a0s\u2019efforce de fournir un contenu fiable sur son site, il ne garantit pas que son contenu soit exempt d\u2019inexactitudes ou d\u2019omissions et ne saurait \u00eatre tenu pour responsable des erreurs ou omissions, d\u2019une absence de disponibilit\u00e9 des informations et des services.\u00a0<\/span><b>[WENES GROUP]<\/b><span>\u00a0se r\u00e9serve \u00e0 tout moment et sans pr\u00e9avis le droit d\u2019apporter des am\u00e9liorations et\/ou des modifications au contenu de son site. En cons\u00e9quence, l\u2019utilisateur reconna\u00eet se servir de ses informations sous sa responsabilit\u00e9 exclusive.<\/span><\/p>\n<p><b>LIENS VERS D\u2019AUTRES SITES<\/b><\/p>\n<p><span>Le site peut inclure des liens vers d\u2019autres sites ou d\u2019autres sources Internet. Dans la mesure o\u00f9\u00a0<\/span><b>[WENES GROUP]<\/b><span>\u00a0ne peut contr\u00f4ler ces sites et ces sources externes,\u00a0<\/span><b>[WENES GROUP]<\/b><span>\u00a0ne peut \u00eatre tenu pour responsable de la mise \u00e0 disposition de ces sites et sources externes, et d\u00e9cline ainsi toute responsabilit\u00e9 quant aux contenus, publicit\u00e9s, produits, services ou tout autre mat\u00e9riel disponible sur ou \u00e0 partir de ces sites ou sources externes. Ces liens sont propos\u00e9s aux utilisateurs du site\u00a0<\/span><b>www.wenes-stand.com<span>\u00a0<\/span><\/b><span>en tant que service. La d\u00e9cision d\u2019activer les liens vous appartient exclusivement. Nous vous rappelons que les sites non-affili\u00e9s sont soumis \u00e0 leurs propres conditions d\u2019utilisation.<\/span><\/p>\n<p>&nbsp;<\/p>\n<p><b>COOKIES<\/b><\/p>\n<p><span>Lors de vos visites, vous \u00eates inform\u00e9 qu\u2019un t\u00e9moin de connexion peut s\u2019installer automatiquement sur votre logiciel de navigation. Il s\u2019agit d\u2019un bloc de donn\u00e9es qui n\u2019est pas utilis\u00e9 \u00e0 des fins d\u2019identification mais qui sert \u00e0 enregistrer des informations relatives \u00e0 votre navigation sur le site. Il permet des analyses de fr\u00e9quentation, mesures d\u2019audience\u2026 afin d\u2019am\u00e9liorer la qualit\u00e9 du site.<\/span><\/p>\n<p><span>Vous pouvez d\u00e9sactiver les cookies en suivant les instructions comme suit:<\/span><\/p>\n<p><b>1\/ si vous utilisez le navigateur Internet Explorer<\/b><\/p>\n<p><span>Dans Internet Explorer, cliquez sur le bouton \u00ab\u00a0Outils\u00a0\u00bb, puis sur \u00ab\u00a0Options Internet\u00a0\u00bb.<\/span><span><br \/>\n<\/span><span>Sous l\u2019onglet G\u00e9n\u00e9ral, sous \u00ab\u00a0Historique de navigation\u00a0\u00bb, cliquez sur \u00ab\u00a0Param\u00e8tres\u00a0\u00bb.<\/span><span><br \/>\n<\/span><span>Cliquez sur le bouton \u00ab\u00a0Afficher les fichiers\u00a0\u00bb.<\/span><span><br \/>\n<\/span><span>Cliquez sur l\u2019en-t\u00eate de colonne \u00ab\u00a0Nom pour trier tous les fichiers dans l\u2019ordre alphab\u00e9tique\u00a0\u00bb, puis parcourez la liste jusqu\u2019\u00e0 ce que vous voyez des fichiers commen\u00e7ant par le pr\u00e9fixe \u00ab\u00a0Cookie\u00a0\u00bb (tous les cookies poss\u00e8dent ce pr\u00e9fixe et contiennent habituellement le nom du site Web qui a cr\u00e9\u00e9 le cookie).<\/span><span><br \/>\n<\/span><span>S\u00e9lectionnez le ou les cookie(s) comprenant le nom \u00ab [<b>WENES GROUP<\/b><\/span><span>] \u00bb et supprimez-les.<\/span><span><br \/>\n<\/span><span>Fermez la fen\u00eatre qui contient la liste des fichiers, puis cliquez deux fois sur \u00ab\u00a0OK\u00a0\u00bb pour retourner dans Internet Explorer.<\/span><\/p>\n<p><b>2\/ si vous utilisez le navigateur Firefox<\/b><\/p>\n<p><span>Allez dans l\u2019onglet \u00ab\u00a0Outils\u00a0\u00bb du navigateur puis s\u00e9lectionnez le menu \u00ab\u00a0Options\u00a0\u00bb.<\/span><span><br \/>\n<\/span><span>Dans la fen\u00eatre qui s\u2019affiche, choisissez \u00ab\u00a0Vie priv\u00e9e\u00a0\u00bb et cliquez sur \u00ab\u00a0Affichez les cookies\u00a0\u00bb.<\/span><span><br \/>\n<\/span><span>Rep\u00e9rez les fichiers qui contiennent le nom \u00ab\u00a0[<b>WENES GROUP<\/b><\/span><span>] \u00bb.<\/span><span><br \/>\n<\/span><span>S\u00e9lectionnez-les et supprimez-les.<\/span><\/p>\n<p><b>3\/ si vous utilisez le navigateur Safari<\/b><\/p>\n<p><span>Dans votre navigateur, choisissez le menu \u00ab\u00a0\u00c9dition Pr\u00e9f\u00e9rences\u00a0\u00bb. Cliquez sur \u00ab\u00a0S\u00e9curit\u00e9\u00a0\u00bb.<\/span><span><br \/>\n<\/span><span>Cliquez sur \u00ab\u00a0Afficher les cookies\u00a0\u00bb.<\/span><span><br \/>\n<\/span><span>S\u00e9lectionnez les cookies qui contiennent le nom \u00ab\u00a0[<b>WENES GROUP<\/b><\/span><span>] \u00bb et cliquez sur \u00ab\u00a0Effacer\u00a0\u00bb ou sur \u00ab\u00a0Tout effacer\u00a0\u00bb.<\/span><span><br \/>\n<\/span><span>Apr\u00e8s avoir supprim\u00e9 les cookies, cliquez sur \u00ab\u00a0Termin\u00e9\u00a0\u00bb.<\/span><\/p>\n<p><b>4\/ si vous utilisez le navigateur Google Chrome<\/b><\/p>\n<p><span>Cliquez sur l\u2019ic\u00f4ne du menu \u00ab\u00a0Outils\u00a0\u00bb.<\/span><span><br \/>\n<\/span><span>S\u00e9lectionnez \u00ab\u00a0Options\u00a0\u00bb.<\/span><span><br \/>\n<\/span><span>Cliquez sur l\u2019onglet \u00ab\u00a0Options avanc\u00e9es\u00a0\u00bb et acc\u00e9dez \u00e0 la section \u00ab\u00a0Confidentialit\u00e9\u00a0\u00bb.<\/span><span><br \/>\n<\/span><span>Cliquez sur le bouton \u00ab\u00a0Afficher les cookies\u00a0\u00bb. Rep\u00e9rez les fichiers qui contiennent le nom \u00ab\u00a0[<b>WENES GROUP<\/b><\/span><span>] \u00bb.<\/span><span><br \/>\n<\/span><span>S\u00e9lectionnez-les et supprimez-les.<\/span><span><br \/>\n<\/span><span>Cliquez sur \u00ab\u00a0Fermer\u00a0\u00bb pour revenir \u00e0 votre navigateur.<\/span><\/p>\n<p><span>En cas de refus des t\u00e9moins de connexions, certains services ne sont plus accessibles. Vous disposez d\u2019un droit d\u2019acc\u00e8s, de rectification ou de suppression de vos donn\u00e9es personnelles communiqu\u00e9es par le biais du \u00ab cookie \u00bb dans les conditions indiqu\u00e9es au \u00a7 \u00abInformatique et libert\u00e9s\u00bb.<\/span><\/p>\n","protected":false},"excerpt":{"rendered":"<p>Raison sociale\u00a0: [WENES GROUP] Si\u00e8ge social\u00a0: [15 rue Marcelin Berthelot<span class=\"read-more\"><svg xmlns=\"http:\/\/www.w3.org\/2000\/svg\" viewBox=\"0 0 24 24\"><path d=\"M12.1717 12.0005L9.34326 9.17203L10.7575 7.75781L15.0001 12.0005L10.7575 16.2431L9.34326 14.8289L12.1717 12.0005Z\"><\/path><\/svg><\/span><\/p>\n","protected":false},"author":4,"featured_media":0,"parent":0,"menu_order":0,"comment_status":"closed","ping_status":"closed","template":"page-template-content.php","meta":{"_acf_changed":false,"inline_featured_image":false,"footnotes":""},"class_list":["post-216","page","type-page","status-publish","hentry"],"acf":[],"yoast_head":"<!-- This site is optimized with the Yoast SEO plugin v27.4 - https:\/\/yoast.com\/product\/yoast-seo-wordpress\/ -->\n<title>Mentions l\u00e9gales - WENES Stand<\/title>\n<meta name=\"robots\" content=\"index, follow, max-snippet:-1, max-image-preview:large, max-video-preview:-1\" \/>\n<link rel=\"canonical\" href=\"https:\/\/wenes-stand.com\/en\/legal-notice\/\" \/>\n<meta property=\"og:locale\" content=\"en_US\" \/>\n<meta property=\"og:type\" content=\"article\" \/>\n<meta property=\"og:title\" content=\"Mentions l\u00e9gales - WENES Stand\" \/>\n<meta property=\"og:description\" content=\"Raison sociale\u00a0: [WENES GROUP] Si\u00e8ge social\u00a0: [15 rue Marcelin Berthelot\" \/>\n<meta property=\"og:url\" content=\"https:\/\/wenes-stand.com\/en\/legal-notice\/\" \/>\n<meta property=\"og:site_name\" content=\"WENES Stand\" \/>\n<meta property=\"article:modified_time\" content=\"2024-02-23T16:14:31+00:00\" \/>\n<meta name=\"twitter:card\" content=\"summary_large_image\" \/>\n<script type=\"application\/ld+json\" class=\"yoast-schema-graph\">{\"@context\":\"https:\\\/\\\/schema.org\",\"@graph\":[{\"@type\":\"WebPage\",\"@id\":\"https:\\\/\\\/wenes-stand.com\\\/mentions-legales\\\/\",\"url\":\"https:\\\/\\\/wenes-stand.com\\\/mentions-legales\\\/\",\"name\":\"Mentions l\u00e9gales - WENES Stand\",\"isPartOf\":{\"@id\":\"https:\\\/\\\/wenes-stand.com\\\/#website\"},\"datePublished\":\"2023-10-18T11:40:01+00:00\",\"dateModified\":\"2024-02-23T16:14:31+00:00\",\"breadcrumb\":{\"@id\":\"https:\\\/\\\/wenes-stand.com\\\/mentions-legales\\\/#breadcrumb\"},\"inLanguage\":\"en-US\",\"potentialAction\":[{\"@type\":\"ReadAction\",\"target\":[\"https:\\\/\\\/wenes-stand.com\\\/mentions-legales\\\/\"]}]},{\"@type\":\"BreadcrumbList\",\"@id\":\"https:\\\/\\\/wenes-stand.com\\\/mentions-legales\\\/#breadcrumb\",\"itemListElement\":[{\"@type\":\"ListItem\",\"position\":1,\"name\":\"Accueil\",\"item\":\"https:\\\/\\\/wenes-stand.com\\\/\"},{\"@type\":\"ListItem\",\"position\":2,\"name\":\"Mentions l\u00e9gales\"}]},{\"@type\":\"WebSite\",\"@id\":\"https:\\\/\\\/wenes-stand.com\\\/#website\",\"url\":\"https:\\\/\\\/wenes-stand.com\\\/\",\"name\":\"WenesStand\",\"description\":\"Notre exp\u00e9rience nous conduit \u00e0 croire que tout succ\u00e8s r\u00e9side dans la qualit\u00e9 des rapports humains.\",\"potentialAction\":[{\"@type\":\"SearchAction\",\"target\":{\"@type\":\"EntryPoint\",\"urlTemplate\":\"https:\\\/\\\/wenes-stand.com\\\/?s={search_term_string}\"},\"query-input\":{\"@type\":\"PropertyValueSpecification\",\"valueRequired\":true,\"valueName\":\"search_term_string\"}}],\"inLanguage\":\"en-US\"}]}<\/script>\n<!-- \/ Yoast SEO plugin. -->","yoast_head_json":{"title":"Legal information - WENES Stand","robots":{"index":"index","follow":"follow","max-snippet":"max-snippet:-1","max-image-preview":"max-image-preview:large","max-video-preview":"max-video-preview:-1"},"canonical":"https:\/\/wenes-stand.com\/en\/legal-notice\/","og_locale":"en_US","og_type":"article","og_title":"Mentions l\u00e9gales - WENES Stand","og_description":"Raison sociale\u00a0: [WENES GROUP] Si\u00e8ge social\u00a0: [15 rue Marcelin Berthelot","og_url":"https:\/\/wenes-stand.com\/en\/legal-notice\/","og_site_name":"WENES Stand","article_modified_time":"2024-02-23T16:14:31+00:00","twitter_card":"summary_large_image","schema":{"@context":"https:\/\/schema.org","@graph":[{"@type":"WebPage","@id":"https:\/\/wenes-stand.com\/mentions-legales\/","url":"https:\/\/wenes-stand.com\/mentions-legales\/","name":"Legal information - WENES Stand","isPartOf":{"@id":"https:\/\/wenes-stand.com\/#website"},"datePublished":"2023-10-18T11:40:01+00:00","dateModified":"2024-02-23T16:14:31+00:00","breadcrumb":{"@id":"https:\/\/wenes-stand.com\/mentions-legales\/#breadcrumb"},"inLanguage":"en-US","potentialAction":[{"@type":"ReadAction","target":["https:\/\/wenes-stand.com\/mentions-legales\/"]}]},{"@type":"BreadcrumbList","@id":"https:\/\/wenes-stand.com\/mentions-legales\/#breadcrumb","itemListElement":[{"@type":"ListItem","position":1,"name":"Accueil","item":"https:\/\/wenes-stand.com\/"},{"@type":"ListItem","position":2,"name":"Mentions l\u00e9gales"}]},{"@type":"WebSite","@id":"https:\/\/wenes-stand.com\/#website","url":"https:\/\/wenes-stand.com\/","name":"WenesStand","description":"Our experience leads us to believe that success lies in the quality of human relationships.","potentialAction":[{"@type":"SearchAction","target":{"@type":"EntryPoint","urlTemplate":"https:\/\/wenes-stand.com\/?s={search_term_string}"},"query-input":{"@type":"PropertyValueSpecification","valueRequired":true,"valueName":"search_term_string"}}],"inLanguage":"en-US"}]}},"_links":{"self":[{"href":"https:\/\/wenes-stand.com\/en\/wp-json\/wp\/v2\/pages\/216","targetHints":{"allow":["GET"]}}],"collection":[{"href":"https:\/\/wenes-stand.com\/en\/wp-json\/wp\/v2\/pages"}],"about":[{"href":"https:\/\/wenes-stand.com\/en\/wp-json\/wp\/v2\/types\/page"}],"author":[{"embeddable":true,"href":"https:\/\/wenes-stand.com\/en\/wp-json\/wp\/v2\/users\/4"}],"replies":[{"embeddable":true,"href":"https:\/\/wenes-stand.com\/en\/wp-json\/wp\/v2\/comments?post=216"}],"version-history":[{"count":0,"href":"https:\/\/wenes-stand.com\/en\/wp-json\/wp\/v2\/pages\/216\/revisions"}],"wp:attachment":[{"href":"https:\/\/wenes-stand.com\/en\/wp-json\/wp\/v2\/media?parent=216"}],"curies":[{"name":"wp","href":"https:\/\/api.w.org\/{rel}","templated":true}]}}